{"id":125,"date":"2025-08-22T11:06:17","date_gmt":"2025-08-22T04:06:17","guid":{"rendered":"https:\/\/trungdunghotel.com\/?page_id=125"},"modified":"2025-10-01T14:16:40","modified_gmt":"2025-10-01T07:16:40","slug":"gioi-thieu","status":"publish","type":"page","link":"https:\/\/trungdunghotel.com\/en\/gioi-thieu\/","title":{"rendered":"About us"},"content":{"rendered":"<p>Trung D\u0169ng Hotel l\u00e0 th\u01b0\u01a1ng hi\u1ec7u kh\u00e1ch s\u1ea1n uy t\u00edn, mang \u0111\u1ebfn tr\u1ea3i nghi\u1ec7m ngh\u1ec9 d\u01b0\u1ee1ng tho\u1ea3i m\u00e1i, ti\u1ec7n nghi v\u00e0 \u0111\u1eb3ng c\u1ea5p cho kh\u00e1ch h\u00e0ng trong n\u01b0\u1edbc v\u00e0 qu\u1ed1c t\u1ebf. V\u1edbi v\u1ecb tr\u00ed \u0111\u1eafc \u0111\u1ecba g\u1ea7n b\u1edd bi\u1ec3n c\u00f9ng h\u1ec7 th\u1ed1ng ph\u00f2ng ngh\u1ec9 \u0111a d\u1ea1ng, kh\u00e1ch s\u1ea1n \u0111\u00e1p \u1ee9ng nhu c\u1ea7u l\u01b0u tr\u00fa t\u1eeb du l\u1ecbch ngh\u1ec9 d\u01b0\u1ee1ng, c\u00f4ng t\u00e1c cho \u0111\u1ebfn t\u1ed5 ch\u1ee9c s\u1ef1 ki\u1ec7n.<\/p>\n<p><strong>V\u1ecb tr\u00ed thu\u1eadn l\u1ee3i:<\/strong> N\u1eb1m g\u1ea7n trung t\u00e2m v\u00e0 nh\u1eefng \u0111i\u1ec3m du l\u1ecbch n\u1ed5i ti\u1ebfng, d\u1ec5 d\u00e0ng di chuy\u1ec3n, ti\u1ebft ki\u1ec7m th\u1eddi gian cho du kh\u00e1ch.<\/p>\n<p><strong>Ph\u00f2ng ngh\u1ec9 \u0111a d\u1ea1ng:<\/strong> T\u1eeb ph\u00f2ng ti\u00eau chu\u1ea9n \u0111\u1ebfn cao c\u1ea5p, m\u1ed7i ph\u00f2ng \u0111\u1ec1u \u0111\u01b0\u1ee3c thi\u1ebft k\u1ebf hi\u1ec7n \u0111\u1ea1i, \u0111\u1ea7y \u0111\u1ee7 ti\u1ec7n nghi, \u0111\u1ea3m b\u1ea3o s\u1ef1 tho\u1ea3i m\u00e1i t\u1ed1i \u0111a.<\/p>\n<p><strong>Kh\u00f4ng gian ngh\u1ec9 d\u01b0\u1ee1ng l\u00fd t\u01b0\u1edfng:<\/strong> Kh\u00e1ch s\u1ea1n t\u1ecda l\u1ea1c ven bi\u1ec3n, l\u00e0 n\u01a1i tuy\u1ec7t v\u1eddi \u0111\u1ec3 ng\u1eafm b\u00ecnh minh, ho\u00e0ng h\u00f4n v\u00e0 t\u1eadn h\u01b0\u1edfng kh\u00f4ng kh\u00ed trong l\u00e0nh.<\/p>\n<p><strong>D\u1ecbch v\u1ee5 chuy\u00ean nghi\u1ec7p:<\/strong> \u0110\u1ed9i ng\u0169 nh\u00e2n vi\u00ean t\u1eadn t\u00e2m, phong c\u00e1ch ph\u1ee5c v\u1ee5 chuy\u00ean nghi\u1ec7p, lu\u00f4n s\u1eb5n s\u00e0ng h\u1ed7 tr\u1ee3 24\/7.<\/p>\n<p><strong>Ti\u1ec7n \u00edch phong ph\u00fa:<\/strong> Nh\u00e0 h\u00e0ng \u1ea9m th\u1ef1c \u0111a d\u1ea1ng, ph\u00f2ng h\u1ed9i ngh\u1ecb \u2013 s\u1ef1 ki\u1ec7n, d\u1ecbch v\u1ee5 spa, b\u1ec3 b\u01a1i, \u0111\u01b0a \u0111\u00f3n s\u00e2n bay v\u00e0 nhi\u1ec1u d\u1ecbch v\u1ee5 cao c\u1ea5p kh\u00e1c.<\/p>\n<h2>Tr\u1ea3i nghi\u1ec7m ngh\u1ec9 d\u01b0\u1ee1ng t\u1ea1i Trung D\u0169ng Hotel<\/h2>\n<p>\u0110\u1ebfn v\u1edbi Trung D\u0169ng Hotel, kh\u00e1ch h\u00e0ng kh\u00f4ng ch\u1ec9 \u0111\u01a1n thu\u1ea7n \u0111\u1eb7t ph\u00f2ng ngh\u1ec9 d\u01b0\u1ee1ng, m\u00e0 c\u00f2n c\u00f3 c\u01a1 h\u1ed9i t\u1eadn h\u01b0\u1edfng m\u1ed9t kh\u00f4ng gian th\u01b0 gi\u00e3n v\u00e0 t\u00e1i t\u1ea1o n\u0103ng l\u01b0\u1ee3ng. \u0110\u00e2y l\u00e0 l\u1ef1a ch\u1ecdn ho\u00e0n h\u1ea3o cho:<\/p>\n<ul>\n<li>Gia \u0111\u00ecnh mu\u1ed1n t\u00ecm m\u1ed9t k\u1ef3 ngh\u1ec9.<\/li>\n<li>Doanh nh\u00e2n c\u1ea7n n\u01a1i l\u01b0u tr\u00fa ti\u1ec7n nghi khi c\u00f4ng t\u00e1c.<\/li>\n<li>C\u1eb7p \u0111\u00f4i t\u00ecm ki\u1ebfm kh\u00f4ng gian l\u00e3ng m\u1ea1n v\u00e0 ri\u00eang t\u01b0.<\/li>\n<\/ul>\n<h2>\u0110\u1eb7t ph\u00f2ng d\u1ec5 d\u00e0ng \u2013 \u01afu \u0111\u00e3i h\u1ea5p d\u1eabn<\/h2>\n<p>Trung D\u0169ng Hotel cung c\u1ea5p h\u1ec7 th\u1ed1ng \u0111\u1eb7t ph\u00f2ng tr\u1ef1c tuy\u1ebfn nhanh ch\u00f3ng, an to\u00e0n v\u00e0 minh b\u1ea1ch gi\u00e1 c\u1ea3. Kh\u00e1ch h\u00e0ng c\u00f3 th\u1ec3 nh\u1eadn ngay nhi\u1ec1u \u01b0u \u0111\u00e3i h\u1ea5p d\u1eabn khi \u0111\u1eb7t ph\u00f2ng tr\u1ef1c ti\u1ebfp t\u1ea1i website ch\u00ednh th\u1ee9c.<\/p>\n<p>V\u1edbi nh\u1eefng l\u1ee3i th\u1ebf v\u1ec1 v\u1ecb tr\u00ed, d\u1ecbch v\u1ee5, ti\u1ec7n nghi v\u00e0 ch\u1ea5t l\u01b0\u1ee3ng ph\u1ee5c v\u1ee5, Trung D\u0169ng Hotel kh\u1eb3ng \u0111\u1ecbnh v\u1ecb th\u1ebf l\u00e0 \u0111i\u1ec3m \u0111\u1ebfn ngh\u1ec9 d\u01b0\u1ee1ng h\u00e0ng \u0111\u1ea7u cho du kh\u00e1ch trong v\u00e0 ngo\u00e0i n\u01b0\u1edbc. N\u1ebfu b\u1ea1n \u0111ang t\u00ecm ki\u1ebfm m\u1ed9t kh\u00e1ch s\u1ea1n \u0111\u00e1ng tin c\u1eady \u0111\u1ec3 \u0111\u1eb7t ph\u00f2ng cho chuy\u1ebfn \u0111i s\u1eafp t\u1edbi, Trung D\u0169ng Hotel ch\u00ednh l\u00e0 l\u1ef1a ch\u1ecdn l\u00fd t\u01b0\u1edfng.<\/p>\n<p>\ud83d\udcde Hotline: <strong data-start=\"2656\" data-end=\"2672\">0586.999.345 &#8211; 0888.882.386<\/strong><br data-start=\"2672\" data-end=\"2675\" \/>\ud83c\udf10 Website: <strong data-start=\"2687\" data-end=\"2709\">trungdunghotel.com<\/strong><\/p>","protected":false},"excerpt":{"rendered":"<p>Trung D\u0169ng Hotel l\u00e0 th\u01b0\u01a1ng hi\u1ec7u kh\u00e1ch s\u1ea1n uy t\u00edn, mang \u0111\u1ebfn tr\u1ea3i nghi\u1ec7m ngh\u1ec9 d\u01b0\u1ee1ng tho\u1ea3i m\u00e1i, ti\u1ec7n nghi v\u00e0 \u0111\u1eb3ng c\u1ea5p cho kh\u00e1ch h\u00e0ng trong n\u01b0\u1edbc v\u00e0 qu\u1ed1c t\u1ebf. V\u1edbi v\u1ecb tr\u00ed \u0111\u1eafc \u0111\u1ecba g\u1ea7n b\u1edd bi\u1ec3n c\u00f9ng h\u1ec7 th\u1ed1ng ph\u00f2ng ngh\u1ec9 \u0111a&#8230;<\/p>","protected":false},"author":1,"featured_media":1361,"parent":0,"menu_order":0,"comment_status":"closed","ping_status":"closed","template":"","meta":{"footnotes":""},"class_list":["post-125","page","type-page","status-publish","has-post-thumbnail","hentry"],"yoast_head":"<!-- This site is optimized with the Yoast SEO plugin v25.8 - https:\/\/yoast.com\/wordpress\/plugins\/seo\/ -->\n<title>Gi\u1edbi thi\u1ec7u - Trung D\u0169ng Hotel<\/title>\n<meta name=\"robots\" content=\"index, follow, max-snippet:-1, max-image-preview:large, max-video-preview:-1\" \/>\n<link rel=\"canonical\" href=\"https:\/\/trungdunghotel.com\/en\/gioi-thieu\/\" \/>\n<meta property=\"og:locale\" content=\"en_US\" \/>\n<meta property=\"og:type\" content=\"article\" \/>\n<meta property=\"og:title\" content=\"Gi\u1edbi thi\u1ec7u - Trung D\u0169ng Hotel\" \/>\n<meta property=\"og:description\" content=\"Trung D\u0169ng Hotel l\u00e0 th\u01b0\u01a1ng hi\u1ec7u kh\u00e1ch s\u1ea1n uy t\u00edn, mang \u0111\u1ebfn tr\u1ea3i nghi\u1ec7m ngh\u1ec9 d\u01b0\u1ee1ng tho\u1ea3i m\u00e1i, ti\u1ec7n nghi v\u00e0 \u0111\u1eb3ng c\u1ea5p cho kh\u00e1ch h\u00e0ng trong n\u01b0\u1edbc v\u00e0 qu\u1ed1c t\u1ebf. V\u1edbi v\u1ecb tr\u00ed \u0111\u1eafc \u0111\u1ecba g\u1ea7n b\u1edd bi\u1ec3n c\u00f9ng h\u1ec7 th\u1ed1ng ph\u00f2ng ngh\u1ec9 \u0111a...\" \/>\n<meta property=\"og:url\" content=\"https:\/\/trungdunghotel.com\/en\/gioi-thieu\/\" \/>\n<meta property=\"og:site_name\" content=\"Trung D\u0169ng Hotel\" \/>\n<meta property=\"article:modified_time\" content=\"2025-10-01T07:16:40+00:00\" \/>\n<meta property=\"og:image\" content=\"https:\/\/trungdunghotel.com\/wp-content\/uploads\/2025\/08\/FLC-Ha-Long-1.jpg\" \/>\n\t<meta property=\"og:image:width\" content=\"1024\" \/>\n\t<meta property=\"og:image:height\" content=\"683\" \/>\n\t<meta property=\"og:image:type\" content=\"image\/jpeg\" \/>\n<meta name=\"twitter:card\" content=\"summary_large_image\" \/>\n<meta name=\"twitter:label1\" content=\"Est. reading time\" \/>\n\t<meta name=\"twitter:data1\" content=\"3 minutes\" \/>\n<script type=\"application\/ld+json\" class=\"yoast-schema-graph\">{\"@context\":\"https:\/\/schema.org\",\"@graph\":[{\"@type\":\"WebPage\",\"@id\":\"https:\/\/trungdunghotel.com\/gioi-thieu\/\",\"url\":\"https:\/\/trungdunghotel.com\/gioi-thieu\/\",\"name\":\"Gi\u1edbi thi\u1ec7u - Trung D\u0169ng Hotel\",\"isPartOf\":{\"@id\":\"https:\/\/trungdunghotel.com\/#website\"},\"primaryImageOfPage\":{\"@id\":\"https:\/\/trungdunghotel.com\/gioi-thieu\/#primaryimage\"},\"image\":{\"@id\":\"https:\/\/trungdunghotel.com\/gioi-thieu\/#primaryimage\"},\"thumbnailUrl\":\"https:\/\/trungdunghotel.com\/wp-content\/uploads\/2025\/08\/FLC-Ha-Long-1.jpg\",\"datePublished\":\"2025-08-22T04:06:17+00:00\",\"dateModified\":\"2025-10-01T07:16:40+00:00\",\"breadcrumb\":{\"@id\":\"https:\/\/trungdunghotel.com\/gioi-thieu\/#breadcrumb\"},\"inLanguage\":\"en-US\",\"potentialAction\":[{\"@type\":\"ReadAction\",\"target\":[\"https:\/\/trungdunghotel.com\/gioi-thieu\/\"]}]},{\"@type\":\"ImageObject\",\"inLanguage\":\"en-US\",\"@id\":\"https:\/\/trungdunghotel.com\/gioi-thieu\/#primaryimage\",\"url\":\"https:\/\/trungdunghotel.com\/wp-content\/uploads\/2025\/08\/FLC-Ha-Long-1.jpg\",\"contentUrl\":\"https:\/\/trungdunghotel.com\/wp-content\/uploads\/2025\/08\/FLC-Ha-Long-1.jpg\",\"width\":1024,\"height\":683,\"caption\":\"FLC H\u1ea1 Long\"},{\"@type\":\"BreadcrumbList\",\"@id\":\"https:\/\/trungdunghotel.com\/gioi-thieu\/#breadcrumb\",\"itemListElement\":[{\"@type\":\"ListItem\",\"position\":1,\"name\":\"Trang ch\u1ee7\",\"item\":\"https:\/\/trungdunghotel.com\/\"},{\"@type\":\"ListItem\",\"position\":2,\"name\":\"Gi\u1edbi thi\u1ec7u\"}]},{\"@type\":\"WebSite\",\"@id\":\"https:\/\/trungdunghotel.com\/#website\",\"url\":\"https:\/\/trungdunghotel.com\/\",\"name\":\"Trung D\u0169ng Hotel\",\"description\":\"\",\"publisher\":{\"@id\":\"https:\/\/trungdunghotel.com\/#organization\"},\"potentialAction\":[{\"@type\":\"SearchAction\",\"target\":{\"@type\":\"EntryPoint\",\"urlTemplate\":\"https:\/\/trungdunghotel.com\/?s={search_term_string}\"},\"query-input\":{\"@type\":\"PropertyValueSpecification\",\"valueRequired\":true,\"valueName\":\"search_term_string\"}}],\"inLanguage\":\"en-US\"},{\"@type\":\"Organization\",\"@id\":\"https:\/\/trungdunghotel.com\/#organization\",\"name\":\"Trung D\u0169ng Hotel\",\"url\":\"https:\/\/trungdunghotel.com\/\",\"logo\":{\"@type\":\"ImageObject\",\"inLanguage\":\"en-US\",\"@id\":\"https:\/\/trungdunghotel.com\/#\/schema\/logo\/image\/\",\"url\":\"https:\/\/trungdunghotel.com\/wp-content\/uploads\/2025\/08\/trung-dung-hotel-dark.png\",\"contentUrl\":\"https:\/\/trungdunghotel.com\/wp-content\/uploads\/2025\/08\/trung-dung-hotel-dark.png\",\"width\":342,\"height\":65,\"caption\":\"Trung D\u0169ng Hotel\"},\"image\":{\"@id\":\"https:\/\/trungdunghotel.com\/#\/schema\/logo\/image\/\"}}]}<\/script>\n<!-- \/ Yoast SEO plugin. -->","yoast_head_json":{"title":"Gi\u1edbi thi\u1ec7u - Trung D\u0169ng Hotel","robots":{"index":"index","follow":"follow","max-snippet":"max-snippet:-1","max-image-preview":"max-image-preview:large","max-video-preview":"max-video-preview:-1"},"canonical":"https:\/\/trungdunghotel.com\/en\/gioi-thieu\/","og_locale":"en_US","og_type":"article","og_title":"Gi\u1edbi thi\u1ec7u - Trung D\u0169ng Hotel","og_description":"Trung D\u0169ng Hotel l\u00e0 th\u01b0\u01a1ng hi\u1ec7u kh\u00e1ch s\u1ea1n uy t\u00edn, mang \u0111\u1ebfn tr\u1ea3i nghi\u1ec7m ngh\u1ec9 d\u01b0\u1ee1ng tho\u1ea3i m\u00e1i, ti\u1ec7n nghi v\u00e0 \u0111\u1eb3ng c\u1ea5p cho kh\u00e1ch h\u00e0ng trong n\u01b0\u1edbc v\u00e0 qu\u1ed1c t\u1ebf. V\u1edbi v\u1ecb tr\u00ed \u0111\u1eafc \u0111\u1ecba g\u1ea7n b\u1edd bi\u1ec3n c\u00f9ng h\u1ec7 th\u1ed1ng ph\u00f2ng ngh\u1ec9 \u0111a...","og_url":"https:\/\/trungdunghotel.com\/en\/gioi-thieu\/","og_site_name":"Trung D\u0169ng Hotel","article_modified_time":"2025-10-01T07:16:40+00:00","og_image":[{"width":1024,"height":683,"url":"https:\/\/trungdunghotel.com\/wp-content\/uploads\/2025\/08\/FLC-Ha-Long-1.jpg","type":"image\/jpeg"}],"twitter_card":"summary_large_image","twitter_misc":{"Est. reading time":"3 minutes"},"schema":{"@context":"https:\/\/schema.org","@graph":[{"@type":"WebPage","@id":"https:\/\/trungdunghotel.com\/gioi-thieu\/","url":"https:\/\/trungdunghotel.com\/gioi-thieu\/","name":"Gi\u1edbi thi\u1ec7u - Trung D\u0169ng Hotel","isPartOf":{"@id":"https:\/\/trungdunghotel.com\/#website"},"primaryImageOfPage":{"@id":"https:\/\/trungdunghotel.com\/gioi-thieu\/#primaryimage"},"image":{"@id":"https:\/\/trungdunghotel.com\/gioi-thieu\/#primaryimage"},"thumbnailUrl":"https:\/\/trungdunghotel.com\/wp-content\/uploads\/2025\/08\/FLC-Ha-Long-1.jpg","datePublished":"2025-08-22T04:06:17+00:00","dateModified":"2025-10-01T07:16:40+00:00","breadcrumb":{"@id":"https:\/\/trungdunghotel.com\/gioi-thieu\/#breadcrumb"},"inLanguage":"en-US","potentialAction":[{"@type":"ReadAction","target":["https:\/\/trungdunghotel.com\/gioi-thieu\/"]}]},{"@type":"ImageObject","inLanguage":"en-US","@id":"https:\/\/trungdunghotel.com\/gioi-thieu\/#primaryimage","url":"https:\/\/trungdunghotel.com\/wp-content\/uploads\/2025\/08\/FLC-Ha-Long-1.jpg","contentUrl":"https:\/\/trungdunghotel.com\/wp-content\/uploads\/2025\/08\/FLC-Ha-Long-1.jpg","width":1024,"height":683,"caption":"FLC H\u1ea1 Long"},{"@type":"BreadcrumbList","@id":"https:\/\/trungdunghotel.com\/gioi-thieu\/#breadcrumb","itemListElement":[{"@type":"ListItem","position":1,"name":"Trang ch\u1ee7","item":"https:\/\/trungdunghotel.com\/"},{"@type":"ListItem","position":2,"name":"Gi\u1edbi thi\u1ec7u"}]},{"@type":"WebSite","@id":"https:\/\/trungdunghotel.com\/#website","url":"https:\/\/trungdunghotel.com\/","name":"Trung Dung Hotel","description":"","publisher":{"@id":"https:\/\/trungdunghotel.com\/#organization"},"potentialAction":[{"@type":"SearchAction","target":{"@type":"EntryPoint","urlTemplate":"https:\/\/trungdunghotel.com\/?s={search_term_string}"},"query-input":{"@type":"PropertyValueSpecification","valueRequired":true,"valueName":"search_term_string"}}],"inLanguage":"en-US"},{"@type":"Organization","@id":"https:\/\/trungdunghotel.com\/#organization","name":"Trung Dung Hotel","url":"https:\/\/trungdunghotel.com\/","logo":{"@type":"ImageObject","inLanguage":"en-US","@id":"https:\/\/trungdunghotel.com\/#\/schema\/logo\/image\/","url":"https:\/\/trungdunghotel.com\/wp-content\/uploads\/2025\/08\/trung-dung-hotel-dark.png","contentUrl":"https:\/\/trungdunghotel.com\/wp-content\/uploads\/2025\/08\/trung-dung-hotel-dark.png","width":342,"height":65,"caption":"Trung D\u0169ng Hotel"},"image":{"@id":"https:\/\/trungdunghotel.com\/#\/schema\/logo\/image\/"}}]}},"_links":{"self":[{"href":"https:\/\/trungdunghotel.com\/en\/wp-json\/wp\/v2\/pages\/125","targetHints":{"allow":["GET"]}}],"collection":[{"href":"https:\/\/trungdunghotel.com\/en\/wp-json\/wp\/v2\/pages"}],"about":[{"href":"https:\/\/trungdunghotel.com\/en\/wp-json\/wp\/v2\/types\/page"}],"author":[{"embeddable":true,"href":"https:\/\/trungdunghotel.com\/en\/wp-json\/wp\/v2\/users\/1"}],"replies":[{"embeddable":true,"href":"https:\/\/trungdunghotel.com\/en\/wp-json\/wp\/v2\/comments?post=125"}],"version-history":[{"count":1,"href":"https:\/\/trungdunghotel.com\/en\/wp-json\/wp\/v2\/pages\/125\/revisions"}],"predecessor-version":[{"id":2360,"href":"https:\/\/trungdunghotel.com\/en\/wp-json\/wp\/v2\/pages\/125\/revisions\/2360"}],"wp:featuredmedia":[{"embeddable":true,"href":"https:\/\/trungdunghotel.com\/en\/wp-json\/wp\/v2\/media\/1361"}],"wp:attachment":[{"href":"https:\/\/trungdunghotel.com\/en\/wp-json\/wp\/v2\/media?parent=125"}],"curies":[{"name":"wp","href":"https:\/\/api.w.org\/{rel}","templated":true}]}}