{"id":1140,"date":"2025-08-23T17:38:29","date_gmt":"2025-08-23T10:38:29","guid":{"rendered":"https:\/\/trungdunghotel.com\/?post_type=product&#038;p=1140"},"modified":"2025-08-23T23:22:28","modified_gmt":"2025-08-23T16:22:28","slug":"can-ho-best-western-premier-sapphire","status":"publish","type":"product","link":"https:\/\/trungdunghotel.com\/en\/khach-san\/can-ho-best-western-premier-sapphire\/","title":{"rendered":"Best Western Premier Sapphire Apartment"},"content":{"rendered":"","protected":false},"excerpt":{"rendered":"<p>Best Western Premier Sapphire Ha Long is the perfect destination for those seeking a luxurious stay at a 5-star hotel in Ha Long, designed to international standards by the Best Western Group. The hotel features 1,005 guestrooms, each fully equipped with modern amenities that meet Best Western\u2019s global standards. <\/p>\n<p>V\u1edbi v\u1ecb tr\u00ed l\u00fd t\u01b0\u1edfng t\u1ea1i trung t\u00e2m th\u00e0nh ph\u1ed1 H\u1ea1 Long, g\u1ea7n con \u0111\u01b0\u1eddng bao bi\u1ec3n d\u00e0i h\u01a1n 5km, n\u01a1i \u0111\u00e2y l\u00e0 m\u1ed9t \u0111i\u1ec3m \u0111\u1ebfn tuy\u1ec7t v\u1eddi cho nh\u1eefng ai y\u00eau th\u00edch \u0111i b\u1ed9 v\u00e0 ng\u1eafm c\u1ea3nh. M\u1ed7i kh\u00f4ng gian l\u01b0u tr\u00fa t\u1ea1i \u0111\u00e2y c\u00f3 ban c\u00f4ng ri\u00eang v\u1edbi t\u1ea7m nh\u00ecn bao tr\u1ecdn to\u00e0n c\u1ea3nh th\u00e0nh ph\u1ed1 v\u00e0 khu v\u1ef1c V\u1ecbnh. V\u1eady Best Western Premier Sapphire Ha Long m\u1ea5y sao? N\u01a1i \u0111\u00e2y l\u00e0 kh\u00e1ch s\u1ea1n 5 sao v\u00e0 l\u00e0 s\u1ef1 k\u1ebft h\u1ee3p ho\u00e0n h\u1ea3o gi\u1eefa v\u1ecb tr\u00ed \u0111\u1eafc \u0111\u1ecba, d\u1ecbch v\u1ee5 ch\u1ea5t l\u01b0\u1ee3ng v\u00e0 c\u1ea3nh quan thi\u00ean nhi\u00ean tuy\u1ec7t \u0111\u1eb9p ch\u1eafc ch\u1eafn s\u1ebd mang \u0111\u1ebfn cho du kh\u00e1ch nh\u1eefng tr\u1ea3i nghi\u1ec7m kh\u00f3 qu\u00ean khi l\u01b0u tr\u00fa t\u1ea1i Best Western Premier Sapphire Ha Long.<\/p>","protected":false},"featured_media":1160,"comment_status":"open","ping_status":"closed","template":"","meta":[],"product_brand":[22],"product_cat":[15,17],"product_tag":[],"class_list":{"0":"post-1140","1":"product","2":"type-product","3":"status-publish","4":"has-post-thumbnail","6":"product_brand-ha-long","7":"product_cat-roh","8":"product_cat-can-ho","10":"first","11":"instock","12":"sale","13":"shipping-taxable","14":"purchasable","15":"product-type-variable"},"yoast_head":"<!-- This site is optimized with the Yoast SEO plugin v25.8 - https:\/\/yoast.com\/wordpress\/plugins\/seo\/ -->\n<title>C\u0103n h\u1ed9 Best Western Premier Sapphire - Trung D\u0169ng Hotel<\/title>\n<meta name=\"robots\" content=\"index, follow, max-snippet:-1, max-image-preview:large, max-video-preview:-1\" \/>\n<link rel=\"canonical\" href=\"https:\/\/trungdunghotel.com\/en\/khach-san\/can-ho-best-western-premier-sapphire\/\" \/>\n<meta property=\"og:locale\" content=\"en_US\" \/>\n<meta property=\"og:type\" content=\"article\" \/>\n<meta property=\"og:title\" content=\"C\u0103n h\u1ed9 Best Western Premier Sapphire - Trung D\u0169ng Hotel\" \/>\n<meta property=\"og:description\" content=\"Best Western Premier Sapphire Ha Long s\u1ebd l\u00e0 \u0111\u1ecba \u0111i\u1ec3m ngh\u1ec9 d\u01b0\u1ee1ng l\u00fd t\u01b0\u1edfng cho nh\u1eefng ai mu\u1ed1n t\u1eadn h\u01b0\u1edfng k\u1ef3 ngh\u1ec9 t\u1ea1i m\u1ed9t kh\u00e1ch s\u1ea1n 5 sao H\u1ea1 Long theo ti\u00eau chu\u1ea9n qu\u1ed1c t\u1ebf c\u1ee7a t\u1eadp \u0111o\u00e0n Best Western. Kh\u00e1ch s\u1ea1n Best Western Premier Sapphire Ha Long c\u00f3 1.005 ph\u00f2ng ngh\u1ec9, m\u1ed7i ph\u00f2ng \u0111\u1ec1u \u0111\u01b0\u1ee3c trang b\u1ecb \u0111\u1ea7y \u0111\u1ee7 ti\u1ec7n nghi theo ti\u00eau chu\u1ea9n qu\u1ed1c t\u1ebf c\u1ee7a t\u1eadp \u0111o\u00e0n Best Western.   V\u1edbi v\u1ecb tr\u00ed l\u00fd t\u01b0\u1edfng t\u1ea1i trung t\u00e2m th\u00e0nh ph\u1ed1 H\u1ea1 Long, g\u1ea7n con \u0111\u01b0\u1eddng bao bi\u1ec3n d\u00e0i h\u01a1n 5km, n\u01a1i \u0111\u00e2y l\u00e0 m\u1ed9t \u0111i\u1ec3m \u0111\u1ebfn tuy\u1ec7t v\u1eddi cho nh\u1eefng ai y\u00eau th\u00edch \u0111i b\u1ed9 v\u00e0 ng\u1eafm c\u1ea3nh. M\u1ed7i kh\u00f4ng gian l\u01b0u tr\u00fa t\u1ea1i \u0111\u00e2y c\u00f3 ban c\u00f4ng ri\u00eang v\u1edbi t\u1ea7m nh\u00ecn bao tr\u1ecdn to\u00e0n c\u1ea3nh th\u00e0nh ph\u1ed1 v\u00e0 khu v\u1ef1c V\u1ecbnh. V\u1eady Best Western Premier Sapphire Ha Long m\u1ea5y sao? N\u01a1i \u0111\u00e2y l\u00e0 kh\u00e1ch s\u1ea1n 5 sao v\u00e0 l\u00e0 s\u1ef1 k\u1ebft h\u1ee3p ho\u00e0n h\u1ea3o gi\u1eefa v\u1ecb tr\u00ed \u0111\u1eafc \u0111\u1ecba, d\u1ecbch v\u1ee5 ch\u1ea5t l\u01b0\u1ee3ng v\u00e0 c\u1ea3nh quan thi\u00ean nhi\u00ean tuy\u1ec7t \u0111\u1eb9p ch\u1eafc ch\u1eafn s\u1ebd mang \u0111\u1ebfn cho du kh\u00e1ch nh\u1eefng tr\u1ea3i nghi\u1ec7m kh\u00f3 qu\u00ean khi l\u01b0u tr\u00fa t\u1ea1i Best Western Premier Sapphire Ha Long.\" \/>\n<meta property=\"og:url\" content=\"https:\/\/trungdunghotel.com\/en\/khach-san\/can-ho-best-western-premier-sapphire\/\" \/>\n<meta property=\"og:site_name\" content=\"Trung D\u0169ng Hotel\" \/>\n<meta property=\"article:modified_time\" content=\"2025-08-23T16:22:28+00:00\" \/>\n<meta property=\"og:image\" content=\"https:\/\/trungdunghotel.com\/wp-content\/uploads\/2025\/08\/Best-Western-Premier-Sapphire-Ha-Long-2.webp\" \/>\n\t<meta property=\"og:image:width\" content=\"1024\" \/>\n\t<meta property=\"og:image:height\" content=\"683\" \/>\n\t<meta property=\"og:image:type\" content=\"image\/webp\" \/>\n<meta name=\"twitter:card\" content=\"summary_large_image\" \/>\n<meta name=\"twitter:label1\" content=\"Est. reading time\" \/>\n\t<meta name=\"twitter:data1\" content=\"1 minute\" \/>\n<script type=\"application\/ld+json\" class=\"yoast-schema-graph\">{\"@context\":\"https:\/\/schema.org\",\"@graph\":[{\"@type\":\"WebPage\",\"@id\":\"https:\/\/trungdunghotel.com\/khach-san\/can-ho-best-western-premier-sapphire\/\",\"url\":\"https:\/\/trungdunghotel.com\/khach-san\/can-ho-best-western-premier-sapphire\/\",\"name\":\"C\u0103n h\u1ed9 Best Western Premier Sapphire - Trung D\u0169ng Hotel\",\"isPartOf\":{\"@id\":\"https:\/\/trungdunghotel.com\/#website\"},\"primaryImageOfPage\":{\"@id\":\"https:\/\/trungdunghotel.com\/khach-san\/can-ho-best-western-premier-sapphire\/#primaryimage\"},\"image\":{\"@id\":\"https:\/\/trungdunghotel.com\/khach-san\/can-ho-best-western-premier-sapphire\/#primaryimage\"},\"thumbnailUrl\":\"https:\/\/trungdunghotel.com\/wp-content\/uploads\/2025\/08\/Best-Western-Premier-Sapphire-Ha-Long-2.webp\",\"datePublished\":\"2025-08-23T10:38:29+00:00\",\"dateModified\":\"2025-08-23T16:22:28+00:00\",\"breadcrumb\":{\"@id\":\"https:\/\/trungdunghotel.com\/khach-san\/can-ho-best-western-premier-sapphire\/#breadcrumb\"},\"inLanguage\":\"en-US\",\"potentialAction\":[{\"@type\":\"ReadAction\",\"target\":[\"https:\/\/trungdunghotel.com\/khach-san\/can-ho-best-western-premier-sapphire\/\"]}]},{\"@type\":\"ImageObject\",\"inLanguage\":\"en-US\",\"@id\":\"https:\/\/trungdunghotel.com\/khach-san\/can-ho-best-western-premier-sapphire\/#primaryimage\",\"url\":\"https:\/\/trungdunghotel.com\/wp-content\/uploads\/2025\/08\/Best-Western-Premier-Sapphire-Ha-Long-2.webp\",\"contentUrl\":\"https:\/\/trungdunghotel.com\/wp-content\/uploads\/2025\/08\/Best-Western-Premier-Sapphire-Ha-Long-2.webp\",\"width\":1024,\"height\":683,\"caption\":\"Best Western Premier Sapphire H\u1ea1 Long\"},{\"@type\":\"BreadcrumbList\",\"@id\":\"https:\/\/trungdunghotel.com\/khach-san\/can-ho-best-western-premier-sapphire\/#breadcrumb\",\"itemListElement\":[{\"@type\":\"ListItem\",\"position\":1,\"name\":\"Trang ch\u1ee7\",\"item\":\"https:\/\/trungdunghotel.com\/\"},{\"@type\":\"ListItem\",\"position\":2,\"name\":\"Lo\u1ea1i h\u00ecnh l\u01b0u tr\u00fa\",\"item\":\"https:\/\/trungdunghotel.com\/loai-hinh-luu-tru\/\"},{\"@type\":\"ListItem\",\"position\":3,\"name\":\"C\u0103n h\u1ed9 Best Western Premier Sapphire\"}]},{\"@type\":\"WebSite\",\"@id\":\"https:\/\/trungdunghotel.com\/#website\",\"url\":\"https:\/\/trungdunghotel.com\/\",\"name\":\"Trung D\u0169ng Hotel\",\"description\":\"\",\"publisher\":{\"@id\":\"https:\/\/trungdunghotel.com\/#organization\"},\"potentialAction\":[{\"@type\":\"SearchAction\",\"target\":{\"@type\":\"EntryPoint\",\"urlTemplate\":\"https:\/\/trungdunghotel.com\/?s={search_term_string}\"},\"query-input\":{\"@type\":\"PropertyValueSpecification\",\"valueRequired\":true,\"valueName\":\"search_term_string\"}}],\"inLanguage\":\"en-US\"},{\"@type\":\"Organization\",\"@id\":\"https:\/\/trungdunghotel.com\/#organization\",\"name\":\"Trung D\u0169ng Hotel\",\"url\":\"https:\/\/trungdunghotel.com\/\",\"logo\":{\"@type\":\"ImageObject\",\"inLanguage\":\"en-US\",\"@id\":\"https:\/\/trungdunghotel.com\/#\/schema\/logo\/image\/\",\"url\":\"https:\/\/trungdunghotel.com\/wp-content\/uploads\/2025\/08\/trung-dung-hotel-dark.png\",\"contentUrl\":\"https:\/\/trungdunghotel.com\/wp-content\/uploads\/2025\/08\/trung-dung-hotel-dark.png\",\"width\":342,\"height\":65,\"caption\":\"Trung D\u0169ng Hotel\"},\"image\":{\"@id\":\"https:\/\/trungdunghotel.com\/#\/schema\/logo\/image\/\"}}]}<\/script>\n<!-- \/ Yoast SEO plugin. -->","yoast_head_json":{"title":"C\u0103n h\u1ed9 Best Western Premier Sapphire - Trung D\u0169ng Hotel","robots":{"index":"index","follow":"follow","max-snippet":"max-snippet:-1","max-image-preview":"max-image-preview:large","max-video-preview":"max-video-preview:-1"},"canonical":"https:\/\/trungdunghotel.com\/en\/khach-san\/can-ho-best-western-premier-sapphire\/","og_locale":"en_US","og_type":"article","og_title":"C\u0103n h\u1ed9 Best Western Premier Sapphire - Trung D\u0169ng Hotel","og_description":"Best Western Premier Sapphire Ha Long s\u1ebd l\u00e0 \u0111\u1ecba \u0111i\u1ec3m ngh\u1ec9 d\u01b0\u1ee1ng l\u00fd t\u01b0\u1edfng cho nh\u1eefng ai mu\u1ed1n t\u1eadn h\u01b0\u1edfng k\u1ef3 ngh\u1ec9 t\u1ea1i m\u1ed9t kh\u00e1ch s\u1ea1n 5 sao H\u1ea1 Long theo ti\u00eau chu\u1ea9n qu\u1ed1c t\u1ebf c\u1ee7a t\u1eadp \u0111o\u00e0n Best Western. Kh\u00e1ch s\u1ea1n Best Western Premier Sapphire Ha Long c\u00f3 1.005 ph\u00f2ng ngh\u1ec9, m\u1ed7i ph\u00f2ng \u0111\u1ec1u \u0111\u01b0\u1ee3c trang b\u1ecb \u0111\u1ea7y \u0111\u1ee7 ti\u1ec7n nghi theo ti\u00eau chu\u1ea9n qu\u1ed1c t\u1ebf c\u1ee7a t\u1eadp \u0111o\u00e0n Best Western.   V\u1edbi v\u1ecb tr\u00ed l\u00fd t\u01b0\u1edfng t\u1ea1i trung t\u00e2m th\u00e0nh ph\u1ed1 H\u1ea1 Long, g\u1ea7n con \u0111\u01b0\u1eddng bao bi\u1ec3n d\u00e0i h\u01a1n 5km, n\u01a1i \u0111\u00e2y l\u00e0 m\u1ed9t \u0111i\u1ec3m \u0111\u1ebfn tuy\u1ec7t v\u1eddi cho nh\u1eefng ai y\u00eau th\u00edch \u0111i b\u1ed9 v\u00e0 ng\u1eafm c\u1ea3nh. M\u1ed7i kh\u00f4ng gian l\u01b0u tr\u00fa t\u1ea1i \u0111\u00e2y c\u00f3 ban c\u00f4ng ri\u00eang v\u1edbi t\u1ea7m nh\u00ecn bao tr\u1ecdn to\u00e0n c\u1ea3nh th\u00e0nh ph\u1ed1 v\u00e0 khu v\u1ef1c V\u1ecbnh. V\u1eady Best Western Premier Sapphire Ha Long m\u1ea5y sao? N\u01a1i \u0111\u00e2y l\u00e0 kh\u00e1ch s\u1ea1n 5 sao v\u00e0 l\u00e0 s\u1ef1 k\u1ebft h\u1ee3p ho\u00e0n h\u1ea3o gi\u1eefa v\u1ecb tr\u00ed \u0111\u1eafc \u0111\u1ecba, d\u1ecbch v\u1ee5 ch\u1ea5t l\u01b0\u1ee3ng v\u00e0 c\u1ea3nh quan thi\u00ean nhi\u00ean tuy\u1ec7t \u0111\u1eb9p ch\u1eafc ch\u1eafn s\u1ebd mang \u0111\u1ebfn cho du kh\u00e1ch nh\u1eefng tr\u1ea3i nghi\u1ec7m kh\u00f3 qu\u00ean khi l\u01b0u tr\u00fa t\u1ea1i Best Western Premier Sapphire Ha Long.","og_url":"https:\/\/trungdunghotel.com\/en\/khach-san\/can-ho-best-western-premier-sapphire\/","og_site_name":"Trung D\u0169ng Hotel","article_modified_time":"2025-08-23T16:22:28+00:00","og_image":[{"width":1024,"height":683,"url":"https:\/\/trungdunghotel.com\/wp-content\/uploads\/2025\/08\/Best-Western-Premier-Sapphire-Ha-Long-2.webp","type":"image\/webp"}],"twitter_card":"summary_large_image","twitter_misc":{"Est. reading time":"1 minute"},"schema":{"@context":"https:\/\/schema.org","@graph":[{"@type":"WebPage","@id":"https:\/\/trungdunghotel.com\/khach-san\/can-ho-best-western-premier-sapphire\/","url":"https:\/\/trungdunghotel.com\/khach-san\/can-ho-best-western-premier-sapphire\/","name":"C\u0103n h\u1ed9 Best Western Premier Sapphire - Trung D\u0169ng Hotel","isPartOf":{"@id":"https:\/\/trungdunghotel.com\/#website"},"primaryImageOfPage":{"@id":"https:\/\/trungdunghotel.com\/khach-san\/can-ho-best-western-premier-sapphire\/#primaryimage"},"image":{"@id":"https:\/\/trungdunghotel.com\/khach-san\/can-ho-best-western-premier-sapphire\/#primaryimage"},"thumbnailUrl":"https:\/\/trungdunghotel.com\/wp-content\/uploads\/2025\/08\/Best-Western-Premier-Sapphire-Ha-Long-2.webp","datePublished":"2025-08-23T10:38:29+00:00","dateModified":"2025-08-23T16:22:28+00:00","breadcrumb":{"@id":"https:\/\/trungdunghotel.com\/khach-san\/can-ho-best-western-premier-sapphire\/#breadcrumb"},"inLanguage":"en-US","potentialAction":[{"@type":"ReadAction","target":["https:\/\/trungdunghotel.com\/khach-san\/can-ho-best-western-premier-sapphire\/"]}]},{"@type":"ImageObject","inLanguage":"en-US","@id":"https:\/\/trungdunghotel.com\/khach-san\/can-ho-best-western-premier-sapphire\/#primaryimage","url":"https:\/\/trungdunghotel.com\/wp-content\/uploads\/2025\/08\/Best-Western-Premier-Sapphire-Ha-Long-2.webp","contentUrl":"https:\/\/trungdunghotel.com\/wp-content\/uploads\/2025\/08\/Best-Western-Premier-Sapphire-Ha-Long-2.webp","width":1024,"height":683,"caption":"Best Western Premier Sapphire H\u1ea1 Long"},{"@type":"BreadcrumbList","@id":"https:\/\/trungdunghotel.com\/khach-san\/can-ho-best-western-premier-sapphire\/#breadcrumb","itemListElement":[{"@type":"ListItem","position":1,"name":"Trang ch\u1ee7","item":"https:\/\/trungdunghotel.com\/"},{"@type":"ListItem","position":2,"name":"Lo\u1ea1i h\u00ecnh l\u01b0u tr\u00fa","item":"https:\/\/trungdunghotel.com\/loai-hinh-luu-tru\/"},{"@type":"ListItem","position":3,"name":"C\u0103n h\u1ed9 Best Western Premier Sapphire"}]},{"@type":"WebSite","@id":"https:\/\/trungdunghotel.com\/#website","url":"https:\/\/trungdunghotel.com\/","name":"Trung Dung Hotel","description":"","publisher":{"@id":"https:\/\/trungdunghotel.com\/#organization"},"potentialAction":[{"@type":"SearchAction","target":{"@type":"EntryPoint","urlTemplate":"https:\/\/trungdunghotel.com\/?s={search_term_string}"},"query-input":{"@type":"PropertyValueSpecification","valueRequired":true,"valueName":"search_term_string"}}],"inLanguage":"en-US"},{"@type":"Organization","@id":"https:\/\/trungdunghotel.com\/#organization","name":"Trung Dung Hotel","url":"https:\/\/trungdunghotel.com\/","logo":{"@type":"ImageObject","inLanguage":"en-US","@id":"https:\/\/trungdunghotel.com\/#\/schema\/logo\/image\/","url":"https:\/\/trungdunghotel.com\/wp-content\/uploads\/2025\/08\/trung-dung-hotel-dark.png","contentUrl":"https:\/\/trungdunghotel.com\/wp-content\/uploads\/2025\/08\/trung-dung-hotel-dark.png","width":342,"height":65,"caption":"Trung D\u0169ng Hotel"},"image":{"@id":"https:\/\/trungdunghotel.com\/#\/schema\/logo\/image\/"}}]}},"_links":{"self":[{"href":"https:\/\/trungdunghotel.com\/en\/wp-json\/wp\/v2\/product\/1140","targetHints":{"allow":["GET"]}}],"collection":[{"href":"https:\/\/trungdunghotel.com\/en\/wp-json\/wp\/v2\/product"}],"about":[{"href":"https:\/\/trungdunghotel.com\/en\/wp-json\/wp\/v2\/types\/product"}],"replies":[{"embeddable":true,"href":"https:\/\/trungdunghotel.com\/en\/wp-json\/wp\/v2\/comments?post=1140"}],"wp:featuredmedia":[{"embeddable":true,"href":"https:\/\/trungdunghotel.com\/en\/wp-json\/wp\/v2\/media\/1160"}],"wp:attachment":[{"href":"https:\/\/trungdunghotel.com\/en\/wp-json\/wp\/v2\/media?parent=1140"}],"wp:term":[{"taxonomy":"product_brand","embeddable":true,"href":"https:\/\/trungdunghotel.com\/en\/wp-json\/wp\/v2\/product_brand?post=1140"},{"taxonomy":"product_cat","embeddable":true,"href":"https:\/\/trungdunghotel.com\/en\/wp-json\/wp\/v2\/product_cat?post=1140"},{"taxonomy":"product_tag","embeddable":true,"href":"https:\/\/trungdunghotel.com\/en\/wp-json\/wp\/v2\/product_tag?post=1140"}],"curies":[{"name":"wp","href":"https:\/\/api.w.org\/{rel}","templated":true}]}}