{"id":1164,"date":"2025-08-23T17:49:55","date_gmt":"2025-08-23T10:49:55","guid":{"rendered":"https:\/\/trungdunghotel.com\/?post_type=product&#038;p=1164"},"modified":"2025-09-19T11:16:31","modified_gmt":"2025-09-19T04:16:31","slug":"vinpearl-resort-spa-ha-long","status":"publish","type":"product","link":"https:\/\/trungdunghotel.com\/en\/khach-san\/vinpearl-resort-spa-ha-long\/","title":{"rendered":"Vinpearl Resort &amp; Spa Ha Long"},"content":{"rendered":"","protected":false},"excerpt":{"rendered":"<p>H\u00e3y l\u00e1nh kh\u1ecfi cu\u1ed9c s\u1ed1ng th\u01b0\u1eddng nh\u1eadt v\u00e0 \u0111\u1eafm ch\u00ecm trong s\u1ef1 sang tr\u1ecdng t\u1ea1i Vinpearl Resort &amp; Spa Ha Long, n\u01a1i ch\u1ec9 c\u00e1ch b\u1edd bi\u1ec3n c\u1ee7a V\u1ecbnh H\u1ea1 Long 5 ph\u00fat \u0111i thuy\u1ec1n cao t\u1ed1c. V\u1edbi nh\u1eefng d\u00e3y n\u00fai \u0111\u00e1 v\u00f4i v\u00f4 c\u00f9ng h\u00f9ng v\u0129 bao quanh, khu ngh\u1ec9 d\u01b0\u1ee1ng 5 sao sang tr\u1ecdng n\u00e0y n\u1eb1m tr\u00ean m\u1ed9t h\u00f2n \u0111\u1ea3o ri\u00eang v\u00e0 c\u00f3 ba b\u00e3i bi\u1ec3n ri\u00eang, nh\u1eefng khu v\u01b0\u1eddn xanh m\u01b0\u1edbt, nh\u1eefng h\u1ed3 b\u01a1i ngo\u00e0i tr\u1eddi v\u00e0 trong nh\u00e0 r\u1ed9ng l\u1edbn c\u00f9ng m\u1ed9t spa th\u01b0 gi\u00e3n.<\/p>","protected":false},"featured_media":1180,"comment_status":"open","ping_status":"closed","template":"","meta":[],"product_brand":[22],"product_cat":[15,17],"product_tag":[],"class_list":{"0":"post-1164","1":"product","2":"type-product","3":"status-publish","4":"has-post-thumbnail","6":"product_brand-ha-long","7":"product_cat-roh","8":"product_cat-can-ho","10":"first","11":"instock","12":"sale","13":"shipping-taxable","14":"purchasable","15":"product-type-variable"},"yoast_head":"<!-- This site is optimized with the Yoast SEO plugin v25.8 - https:\/\/yoast.com\/wordpress\/plugins\/seo\/ -->\n<title>Vinpearl Resort &amp; Spa H\u1ea1 Long - Trung D\u0169ng Hotel<\/title>\n<meta name=\"robots\" content=\"index, follow, max-snippet:-1, max-image-preview:large, max-video-preview:-1\" \/>\n<link rel=\"canonical\" href=\"https:\/\/trungdunghotel.com\/en\/khach-san\/vinpearl-resort-spa-ha-long\/\" \/>\n<meta property=\"og:locale\" content=\"en_US\" \/>\n<meta property=\"og:type\" content=\"article\" \/>\n<meta property=\"og:title\" content=\"Vinpearl Resort &amp; Spa H\u1ea1 Long - Trung D\u0169ng Hotel\" \/>\n<meta property=\"og:description\" content=\"H\u00e3y l\u00e1nh kh\u1ecfi cu\u1ed9c s\u1ed1ng th\u01b0\u1eddng nh\u1eadt v\u00e0 \u0111\u1eafm ch\u00ecm trong s\u1ef1 sang tr\u1ecdng t\u1ea1i Vinpearl Resort &amp; Spa Ha Long, n\u01a1i ch\u1ec9 c\u00e1ch b\u1edd bi\u1ec3n c\u1ee7a V\u1ecbnh H\u1ea1 Long 5 ph\u00fat \u0111i thuy\u1ec1n cao t\u1ed1c. V\u1edbi nh\u1eefng d\u00e3y n\u00fai \u0111\u00e1 v\u00f4i v\u00f4 c\u00f9ng h\u00f9ng v\u0129 bao quanh, khu ngh\u1ec9 d\u01b0\u1ee1ng 5 sao sang tr\u1ecdng n\u00e0y n\u1eb1m tr\u00ean m\u1ed9t h\u00f2n \u0111\u1ea3o ri\u00eang v\u00e0 c\u00f3 ba b\u00e3i bi\u1ec3n ri\u00eang, nh\u1eefng khu v\u01b0\u1eddn xanh m\u01b0\u1edbt, nh\u1eefng h\u1ed3 b\u01a1i ngo\u00e0i tr\u1eddi v\u00e0 trong nh\u00e0 r\u1ed9ng l\u1edbn c\u00f9ng m\u1ed9t spa th\u01b0 gi\u00e3n.\" \/>\n<meta property=\"og:url\" content=\"https:\/\/trungdunghotel.com\/en\/khach-san\/vinpearl-resort-spa-ha-long\/\" \/>\n<meta property=\"og:site_name\" content=\"Trung D\u0169ng Hotel\" \/>\n<meta property=\"article:modified_time\" content=\"2025-09-19T04:16:31+00:00\" \/>\n<meta property=\"og:image\" content=\"https:\/\/trungdunghotel.com\/wp-content\/uploads\/2025\/08\/Vinpearl-Resort-Spa-Ha-Long.webp\" \/>\n\t<meta property=\"og:image:width\" content=\"1024\" \/>\n\t<meta property=\"og:image:height\" content=\"683\" \/>\n\t<meta property=\"og:image:type\" content=\"image\/webp\" \/>\n<meta name=\"twitter:card\" content=\"summary_large_image\" \/>\n<meta name=\"twitter:label1\" content=\"Est. reading time\" \/>\n\t<meta name=\"twitter:data1\" content=\"1 minute\" \/>\n<script type=\"application\/ld+json\" class=\"yoast-schema-graph\">{\"@context\":\"https:\/\/schema.org\",\"@graph\":[{\"@type\":\"WebPage\",\"@id\":\"https:\/\/trungdunghotel.com\/khach-san\/vinpearl-resort-spa-ha-long\/\",\"url\":\"https:\/\/trungdunghotel.com\/khach-san\/vinpearl-resort-spa-ha-long\/\",\"name\":\"Vinpearl Resort & Spa H\u1ea1 Long - Trung D\u0169ng Hotel\",\"isPartOf\":{\"@id\":\"https:\/\/trungdunghotel.com\/#website\"},\"primaryImageOfPage\":{\"@id\":\"https:\/\/trungdunghotel.com\/khach-san\/vinpearl-resort-spa-ha-long\/#primaryimage\"},\"image\":{\"@id\":\"https:\/\/trungdunghotel.com\/khach-san\/vinpearl-resort-spa-ha-long\/#primaryimage\"},\"thumbnailUrl\":\"https:\/\/trungdunghotel.com\/wp-content\/uploads\/2025\/08\/Vinpearl-Resort-Spa-Ha-Long.webp\",\"datePublished\":\"2025-08-23T10:49:55+00:00\",\"dateModified\":\"2025-09-19T04:16:31+00:00\",\"breadcrumb\":{\"@id\":\"https:\/\/trungdunghotel.com\/khach-san\/vinpearl-resort-spa-ha-long\/#breadcrumb\"},\"inLanguage\":\"en-US\",\"potentialAction\":[{\"@type\":\"ReadAction\",\"target\":[\"https:\/\/trungdunghotel.com\/khach-san\/vinpearl-resort-spa-ha-long\/\"]}]},{\"@type\":\"ImageObject\",\"inLanguage\":\"en-US\",\"@id\":\"https:\/\/trungdunghotel.com\/khach-san\/vinpearl-resort-spa-ha-long\/#primaryimage\",\"url\":\"https:\/\/trungdunghotel.com\/wp-content\/uploads\/2025\/08\/Vinpearl-Resort-Spa-Ha-Long.webp\",\"contentUrl\":\"https:\/\/trungdunghotel.com\/wp-content\/uploads\/2025\/08\/Vinpearl-Resort-Spa-Ha-Long.webp\",\"width\":1024,\"height\":683,\"caption\":\"Vinpearl Resort & Spa H\u1ea1 Long\"},{\"@type\":\"BreadcrumbList\",\"@id\":\"https:\/\/trungdunghotel.com\/khach-san\/vinpearl-resort-spa-ha-long\/#breadcrumb\",\"itemListElement\":[{\"@type\":\"ListItem\",\"position\":1,\"name\":\"Trang ch\u1ee7\",\"item\":\"https:\/\/trungdunghotel.com\/\"},{\"@type\":\"ListItem\",\"position\":2,\"name\":\"Lo\u1ea1i h\u00ecnh l\u01b0u tr\u00fa\",\"item\":\"https:\/\/trungdunghotel.com\/loai-hinh-luu-tru\/\"},{\"@type\":\"ListItem\",\"position\":3,\"name\":\"Vinpearl Resort &#038; Spa H\u1ea1 Long\"}]},{\"@type\":\"WebSite\",\"@id\":\"https:\/\/trungdunghotel.com\/#website\",\"url\":\"https:\/\/trungdunghotel.com\/\",\"name\":\"Trung D\u0169ng Hotel\",\"description\":\"\",\"publisher\":{\"@id\":\"https:\/\/trungdunghotel.com\/#organization\"},\"potentialAction\":[{\"@type\":\"SearchAction\",\"target\":{\"@type\":\"EntryPoint\",\"urlTemplate\":\"https:\/\/trungdunghotel.com\/?s={search_term_string}\"},\"query-input\":{\"@type\":\"PropertyValueSpecification\",\"valueRequired\":true,\"valueName\":\"search_term_string\"}}],\"inLanguage\":\"en-US\"},{\"@type\":\"Organization\",\"@id\":\"https:\/\/trungdunghotel.com\/#organization\",\"name\":\"Trung D\u0169ng Hotel\",\"url\":\"https:\/\/trungdunghotel.com\/\",\"logo\":{\"@type\":\"ImageObject\",\"inLanguage\":\"en-US\",\"@id\":\"https:\/\/trungdunghotel.com\/#\/schema\/logo\/image\/\",\"url\":\"https:\/\/trungdunghotel.com\/wp-content\/uploads\/2025\/08\/trung-dung-hotel-dark.png\",\"contentUrl\":\"https:\/\/trungdunghotel.com\/wp-content\/uploads\/2025\/08\/trung-dung-hotel-dark.png\",\"width\":342,\"height\":65,\"caption\":\"Trung D\u0169ng Hotel\"},\"image\":{\"@id\":\"https:\/\/trungdunghotel.com\/#\/schema\/logo\/image\/\"}}]}<\/script>\n<!-- \/ Yoast SEO plugin. -->","yoast_head_json":{"title":"Vinpearl Resort & Spa H\u1ea1 Long - Trung D\u0169ng Hotel","robots":{"index":"index","follow":"follow","max-snippet":"max-snippet:-1","max-image-preview":"max-image-preview:large","max-video-preview":"max-video-preview:-1"},"canonical":"https:\/\/trungdunghotel.com\/en\/khach-san\/vinpearl-resort-spa-ha-long\/","og_locale":"en_US","og_type":"article","og_title":"Vinpearl Resort & Spa H\u1ea1 Long - Trung D\u0169ng Hotel","og_description":"H\u00e3y l\u00e1nh kh\u1ecfi cu\u1ed9c s\u1ed1ng th\u01b0\u1eddng nh\u1eadt v\u00e0 \u0111\u1eafm ch\u00ecm trong s\u1ef1 sang tr\u1ecdng t\u1ea1i Vinpearl Resort &amp; Spa Ha Long, n\u01a1i ch\u1ec9 c\u00e1ch b\u1edd bi\u1ec3n c\u1ee7a V\u1ecbnh H\u1ea1 Long 5 ph\u00fat \u0111i thuy\u1ec1n cao t\u1ed1c. V\u1edbi nh\u1eefng d\u00e3y n\u00fai \u0111\u00e1 v\u00f4i v\u00f4 c\u00f9ng h\u00f9ng v\u0129 bao quanh, khu ngh\u1ec9 d\u01b0\u1ee1ng 5 sao sang tr\u1ecdng n\u00e0y n\u1eb1m tr\u00ean m\u1ed9t h\u00f2n \u0111\u1ea3o ri\u00eang v\u00e0 c\u00f3 ba b\u00e3i bi\u1ec3n ri\u00eang, nh\u1eefng khu v\u01b0\u1eddn xanh m\u01b0\u1edbt, nh\u1eefng h\u1ed3 b\u01a1i ngo\u00e0i tr\u1eddi v\u00e0 trong nh\u00e0 r\u1ed9ng l\u1edbn c\u00f9ng m\u1ed9t spa th\u01b0 gi\u00e3n.","og_url":"https:\/\/trungdunghotel.com\/en\/khach-san\/vinpearl-resort-spa-ha-long\/","og_site_name":"Trung D\u0169ng Hotel","article_modified_time":"2025-09-19T04:16:31+00:00","og_image":[{"width":1024,"height":683,"url":"https:\/\/trungdunghotel.com\/wp-content\/uploads\/2025\/08\/Vinpearl-Resort-Spa-Ha-Long.webp","type":"image\/webp"}],"twitter_card":"summary_large_image","twitter_misc":{"Est. reading time":"1 minute"},"schema":{"@context":"https:\/\/schema.org","@graph":[{"@type":"WebPage","@id":"https:\/\/trungdunghotel.com\/khach-san\/vinpearl-resort-spa-ha-long\/","url":"https:\/\/trungdunghotel.com\/khach-san\/vinpearl-resort-spa-ha-long\/","name":"Vinpearl Resort & Spa H\u1ea1 Long - Trung D\u0169ng Hotel","isPartOf":{"@id":"https:\/\/trungdunghotel.com\/#website"},"primaryImageOfPage":{"@id":"https:\/\/trungdunghotel.com\/khach-san\/vinpearl-resort-spa-ha-long\/#primaryimage"},"image":{"@id":"https:\/\/trungdunghotel.com\/khach-san\/vinpearl-resort-spa-ha-long\/#primaryimage"},"thumbnailUrl":"https:\/\/trungdunghotel.com\/wp-content\/uploads\/2025\/08\/Vinpearl-Resort-Spa-Ha-Long.webp","datePublished":"2025-08-23T10:49:55+00:00","dateModified":"2025-09-19T04:16:31+00:00","breadcrumb":{"@id":"https:\/\/trungdunghotel.com\/khach-san\/vinpearl-resort-spa-ha-long\/#breadcrumb"},"inLanguage":"en-US","potentialAction":[{"@type":"ReadAction","target":["https:\/\/trungdunghotel.com\/khach-san\/vinpearl-resort-spa-ha-long\/"]}]},{"@type":"ImageObject","inLanguage":"en-US","@id":"https:\/\/trungdunghotel.com\/khach-san\/vinpearl-resort-spa-ha-long\/#primaryimage","url":"https:\/\/trungdunghotel.com\/wp-content\/uploads\/2025\/08\/Vinpearl-Resort-Spa-Ha-Long.webp","contentUrl":"https:\/\/trungdunghotel.com\/wp-content\/uploads\/2025\/08\/Vinpearl-Resort-Spa-Ha-Long.webp","width":1024,"height":683,"caption":"Vinpearl Resort & Spa H\u1ea1 Long"},{"@type":"BreadcrumbList","@id":"https:\/\/trungdunghotel.com\/khach-san\/vinpearl-resort-spa-ha-long\/#breadcrumb","itemListElement":[{"@type":"ListItem","position":1,"name":"Trang ch\u1ee7","item":"https:\/\/trungdunghotel.com\/"},{"@type":"ListItem","position":2,"name":"Lo\u1ea1i h\u00ecnh l\u01b0u tr\u00fa","item":"https:\/\/trungdunghotel.com\/loai-hinh-luu-tru\/"},{"@type":"ListItem","position":3,"name":"Vinpearl Resort &#038; Spa H\u1ea1 Long"}]},{"@type":"WebSite","@id":"https:\/\/trungdunghotel.com\/#website","url":"https:\/\/trungdunghotel.com\/","name":"Trung Dung Hotel","description":"","publisher":{"@id":"https:\/\/trungdunghotel.com\/#organization"},"potentialAction":[{"@type":"SearchAction","target":{"@type":"EntryPoint","urlTemplate":"https:\/\/trungdunghotel.com\/?s={search_term_string}"},"query-input":{"@type":"PropertyValueSpecification","valueRequired":true,"valueName":"search_term_string"}}],"inLanguage":"en-US"},{"@type":"Organization","@id":"https:\/\/trungdunghotel.com\/#organization","name":"Trung Dung Hotel","url":"https:\/\/trungdunghotel.com\/","logo":{"@type":"ImageObject","inLanguage":"en-US","@id":"https:\/\/trungdunghotel.com\/#\/schema\/logo\/image\/","url":"https:\/\/trungdunghotel.com\/wp-content\/uploads\/2025\/08\/trung-dung-hotel-dark.png","contentUrl":"https:\/\/trungdunghotel.com\/wp-content\/uploads\/2025\/08\/trung-dung-hotel-dark.png","width":342,"height":65,"caption":"Trung D\u0169ng Hotel"},"image":{"@id":"https:\/\/trungdunghotel.com\/#\/schema\/logo\/image\/"}}]}},"_links":{"self":[{"href":"https:\/\/trungdunghotel.com\/en\/wp-json\/wp\/v2\/product\/1164","targetHints":{"allow":["GET"]}}],"collection":[{"href":"https:\/\/trungdunghotel.com\/en\/wp-json\/wp\/v2\/product"}],"about":[{"href":"https:\/\/trungdunghotel.com\/en\/wp-json\/wp\/v2\/types\/product"}],"replies":[{"embeddable":true,"href":"https:\/\/trungdunghotel.com\/en\/wp-json\/wp\/v2\/comments?post=1164"}],"wp:featuredmedia":[{"embeddable":true,"href":"https:\/\/trungdunghotel.com\/en\/wp-json\/wp\/v2\/media\/1180"}],"wp:attachment":[{"href":"https:\/\/trungdunghotel.com\/en\/wp-json\/wp\/v2\/media?parent=1164"}],"wp:term":[{"taxonomy":"product_brand","embeddable":true,"href":"https:\/\/trungdunghotel.com\/en\/wp-json\/wp\/v2\/product_brand?post=1164"},{"taxonomy":"product_cat","embeddable":true,"href":"https:\/\/trungdunghotel.com\/en\/wp-json\/wp\/v2\/product_cat?post=1164"},{"taxonomy":"product_tag","embeddable":true,"href":"https:\/\/trungdunghotel.com\/en\/wp-json\/wp\/v2\/product_tag?post=1164"}],"curies":[{"name":"wp","href":"https:\/\/api.w.org\/{rel}","templated":true}]}}