{"id":2274,"date":"2025-09-19T08:05:22","date_gmt":"2025-09-19T01:05:22","guid":{"rendered":"https:\/\/trungdunghotel.com\/?post_type=product&#038;p=2274"},"modified":"2025-09-19T10:14:45","modified_gmt":"2025-09-19T03:14:45","slug":"trung-dung-hotel","status":"publish","type":"product","link":"https:\/\/trungdunghotel.com\/en\/khach-san\/trung-dung-hotel\/","title":{"rendered":"Trung Dung Hotel"},"content":{"rendered":"","protected":false},"excerpt":{"rendered":"<p>Located in a convenient location in the center of Bai Chay - Ha Long, Trung Dung Hotel is an ideal destination for vacations with family, friends or business trips. We offer luxurious accommodation, modern amenities and professional, dedicated service.<\/p>\n<p>T\u1ea1i Trung D\u0169ng Hotel, m\u1ed7i chi ti\u1ebft nh\u1ecf \u0111\u1ec1u \u0111\u01b0\u1ee3c ch\u0103m ch\u00fat \u0111\u1ec3 Qu\u00fd kh\u00e1ch c\u1ea3m nh\u1eadn s\u1ef1 tho\u1ea3i m\u00e1i nh\u01b0 \u1edf ch\u00ednh ng\u00f4i nh\u00e0 c\u1ee7a m\u00ecnh. T\u1eeb ph\u00f2ng ngh\u1ec9 \u1ea5m c\u00fang, \u1ea9m th\u1ef1c \u0111a d\u1ea1ng \u0111\u1ebfn \u0111\u1ed9i ng\u0169 nh\u00e2n vi\u00ean th\u00e2n thi\u1ec7n, t\u1ea5t c\u1ea3 \u0111\u1ec1u nh\u1eb1m mang \u0111\u1ebfn tr\u1ea3i nghi\u1ec7m tr\u1ecdn v\u1eb9n v\u00e0 \u0111\u00e1ng nh\u1edb.<\/p>","protected":false},"featured_media":2279,"comment_status":"open","ping_status":"closed","template":"","meta":[],"product_brand":[22],"product_cat":[15,17],"product_tag":[],"class_list":{"0":"post-2274","1":"product","2":"type-product","3":"status-publish","4":"has-post-thumbnail","6":"product_brand-ha-long","7":"product_cat-roh","8":"product_cat-can-ho","10":"first","11":"instock","12":"sale","13":"shipping-taxable","14":"purchasable","15":"product-type-variable"},"yoast_head":"<!-- This site is optimized with the Yoast SEO plugin v25.8 - https:\/\/yoast.com\/wordpress\/plugins\/seo\/ -->\n<title>Trung D\u0169ng Hotel - Trung D\u0169ng Hotel<\/title>\n<meta name=\"robots\" content=\"index, follow, max-snippet:-1, max-image-preview:large, max-video-preview:-1\" \/>\n<link rel=\"canonical\" href=\"https:\/\/trungdunghotel.com\/en\/khach-san\/trung-dung-hotel\/\" \/>\n<meta property=\"og:locale\" content=\"en_US\" \/>\n<meta property=\"og:type\" content=\"article\" \/>\n<meta property=\"og:title\" content=\"Trung D\u0169ng Hotel - Trung D\u0169ng Hotel\" \/>\n<meta property=\"og:description\" content=\"T\u1ecda l\u1ea1c t\u1ea1i v\u1ecb tr\u00ed thu\u1eadn l\u1ee3i \u1edf trung t\u00e2m B\u00e3i Ch\u00e1y \u2013 H\u1ea1 Long, Trung D\u0169ng Hotel l\u00e0 \u0111i\u1ec3m \u0111\u1ebfn l\u00fd t\u01b0\u1edfng cho nh\u1eefng chuy\u1ebfn \u0111i ngh\u1ec9 d\u01b0\u1ee1ng c\u00f9ng gia \u0111\u00ecnh, b\u1ea1n b\u00e8 hay nh\u1eefng chuy\u1ebfn c\u00f4ng t\u00e1c. Ch\u00fang t\u00f4i mang \u0111\u1ebfn kh\u00f4ng gian l\u01b0u tr\u00fa sang tr\u1ecdng, ti\u1ec7n nghi hi\u1ec7n \u0111\u1ea1i v\u00e0 d\u1ecbch v\u1ee5 chuy\u00ean nghi\u1ec7p, t\u1eadn t\u00e2m.  T\u1ea1i Trung D\u0169ng Hotel, m\u1ed7i chi ti\u1ebft nh\u1ecf \u0111\u1ec1u \u0111\u01b0\u1ee3c ch\u0103m ch\u00fat \u0111\u1ec3 Qu\u00fd kh\u00e1ch c\u1ea3m nh\u1eadn s\u1ef1 tho\u1ea3i m\u00e1i nh\u01b0 \u1edf ch\u00ednh ng\u00f4i nh\u00e0 c\u1ee7a m\u00ecnh. T\u1eeb ph\u00f2ng ngh\u1ec9 \u1ea5m c\u00fang, \u1ea9m th\u1ef1c \u0111a d\u1ea1ng \u0111\u1ebfn \u0111\u1ed9i ng\u0169 nh\u00e2n vi\u00ean th\u00e2n thi\u1ec7n, t\u1ea5t c\u1ea3 \u0111\u1ec1u nh\u1eb1m mang \u0111\u1ebfn tr\u1ea3i nghi\u1ec7m tr\u1ecdn v\u1eb9n v\u00e0 \u0111\u00e1ng nh\u1edb.\" \/>\n<meta property=\"og:url\" content=\"https:\/\/trungdunghotel.com\/en\/khach-san\/trung-dung-hotel\/\" \/>\n<meta property=\"og:site_name\" content=\"Trung D\u0169ng Hotel\" \/>\n<meta property=\"article:modified_time\" content=\"2025-09-19T03:14:45+00:00\" \/>\n<meta property=\"og:image\" content=\"https:\/\/trungdunghotel.com\/wp-content\/uploads\/2025\/09\/trung-dung-hotel.png\" \/>\n\t<meta property=\"og:image:width\" content=\"768\" \/>\n\t<meta property=\"og:image:height\" content=\"512\" \/>\n\t<meta property=\"og:image:type\" content=\"image\/png\" \/>\n<meta name=\"twitter:card\" content=\"summary_large_image\" \/>\n<meta name=\"twitter:label1\" content=\"Est. reading time\" \/>\n\t<meta name=\"twitter:data1\" content=\"1 minute\" \/>\n<script type=\"application\/ld+json\" class=\"yoast-schema-graph\">{\"@context\":\"https:\/\/schema.org\",\"@graph\":[{\"@type\":\"WebPage\",\"@id\":\"https:\/\/trungdunghotel.com\/khach-san\/trung-dung-hotel\/\",\"url\":\"https:\/\/trungdunghotel.com\/khach-san\/trung-dung-hotel\/\",\"name\":\"Trung D\u0169ng Hotel - Trung D\u0169ng Hotel\",\"isPartOf\":{\"@id\":\"https:\/\/trungdunghotel.com\/#website\"},\"primaryImageOfPage\":{\"@id\":\"https:\/\/trungdunghotel.com\/khach-san\/trung-dung-hotel\/#primaryimage\"},\"image\":{\"@id\":\"https:\/\/trungdunghotel.com\/khach-san\/trung-dung-hotel\/#primaryimage\"},\"thumbnailUrl\":\"https:\/\/trungdunghotel.com\/wp-content\/uploads\/2025\/09\/trung-dung-hotel.png\",\"datePublished\":\"2025-09-19T01:05:22+00:00\",\"dateModified\":\"2025-09-19T03:14:45+00:00\",\"breadcrumb\":{\"@id\":\"https:\/\/trungdunghotel.com\/khach-san\/trung-dung-hotel\/#breadcrumb\"},\"inLanguage\":\"en-US\",\"potentialAction\":[{\"@type\":\"ReadAction\",\"target\":[\"https:\/\/trungdunghotel.com\/khach-san\/trung-dung-hotel\/\"]}]},{\"@type\":\"ImageObject\",\"inLanguage\":\"en-US\",\"@id\":\"https:\/\/trungdunghotel.com\/khach-san\/trung-dung-hotel\/#primaryimage\",\"url\":\"https:\/\/trungdunghotel.com\/wp-content\/uploads\/2025\/09\/trung-dung-hotel.png\",\"contentUrl\":\"https:\/\/trungdunghotel.com\/wp-content\/uploads\/2025\/09\/trung-dung-hotel.png\",\"width\":768,\"height\":512,\"caption\":\"Trung Dung Hotel\"},{\"@type\":\"BreadcrumbList\",\"@id\":\"https:\/\/trungdunghotel.com\/khach-san\/trung-dung-hotel\/#breadcrumb\",\"itemListElement\":[{\"@type\":\"ListItem\",\"position\":1,\"name\":\"Trang ch\u1ee7\",\"item\":\"https:\/\/trungdunghotel.com\/\"},{\"@type\":\"ListItem\",\"position\":2,\"name\":\"Lo\u1ea1i h\u00ecnh l\u01b0u tr\u00fa\",\"item\":\"https:\/\/trungdunghotel.com\/loai-hinh-luu-tru\/\"},{\"@type\":\"ListItem\",\"position\":3,\"name\":\"Trung D\u0169ng Hotel\"}]},{\"@type\":\"WebSite\",\"@id\":\"https:\/\/trungdunghotel.com\/#website\",\"url\":\"https:\/\/trungdunghotel.com\/\",\"name\":\"Trung D\u0169ng Hotel\",\"description\":\"\",\"publisher\":{\"@id\":\"https:\/\/trungdunghotel.com\/#organization\"},\"potentialAction\":[{\"@type\":\"SearchAction\",\"target\":{\"@type\":\"EntryPoint\",\"urlTemplate\":\"https:\/\/trungdunghotel.com\/?s={search_term_string}\"},\"query-input\":{\"@type\":\"PropertyValueSpecification\",\"valueRequired\":true,\"valueName\":\"search_term_string\"}}],\"inLanguage\":\"en-US\"},{\"@type\":\"Organization\",\"@id\":\"https:\/\/trungdunghotel.com\/#organization\",\"name\":\"Trung D\u0169ng Hotel\",\"url\":\"https:\/\/trungdunghotel.com\/\",\"logo\":{\"@type\":\"ImageObject\",\"inLanguage\":\"en-US\",\"@id\":\"https:\/\/trungdunghotel.com\/#\/schema\/logo\/image\/\",\"url\":\"https:\/\/trungdunghotel.com\/wp-content\/uploads\/2025\/08\/trung-dung-hotel-dark.png\",\"contentUrl\":\"https:\/\/trungdunghotel.com\/wp-content\/uploads\/2025\/08\/trung-dung-hotel-dark.png\",\"width\":342,\"height\":65,\"caption\":\"Trung D\u0169ng Hotel\"},\"image\":{\"@id\":\"https:\/\/trungdunghotel.com\/#\/schema\/logo\/image\/\"}}]}<\/script>\n<!-- \/ Yoast SEO plugin. -->","yoast_head_json":{"title":"Trung D\u0169ng Hotel - Trung D\u0169ng Hotel","robots":{"index":"index","follow":"follow","max-snippet":"max-snippet:-1","max-image-preview":"max-image-preview:large","max-video-preview":"max-video-preview:-1"},"canonical":"https:\/\/trungdunghotel.com\/en\/khach-san\/trung-dung-hotel\/","og_locale":"en_US","og_type":"article","og_title":"Trung D\u0169ng Hotel - Trung D\u0169ng Hotel","og_description":"T\u1ecda l\u1ea1c t\u1ea1i v\u1ecb tr\u00ed thu\u1eadn l\u1ee3i \u1edf trung t\u00e2m B\u00e3i Ch\u00e1y \u2013 H\u1ea1 Long, Trung D\u0169ng Hotel l\u00e0 \u0111i\u1ec3m \u0111\u1ebfn l\u00fd t\u01b0\u1edfng cho nh\u1eefng chuy\u1ebfn \u0111i ngh\u1ec9 d\u01b0\u1ee1ng c\u00f9ng gia \u0111\u00ecnh, b\u1ea1n b\u00e8 hay nh\u1eefng chuy\u1ebfn c\u00f4ng t\u00e1c. Ch\u00fang t\u00f4i mang \u0111\u1ebfn kh\u00f4ng gian l\u01b0u tr\u00fa sang tr\u1ecdng, ti\u1ec7n nghi hi\u1ec7n \u0111\u1ea1i v\u00e0 d\u1ecbch v\u1ee5 chuy\u00ean nghi\u1ec7p, t\u1eadn t\u00e2m.  T\u1ea1i Trung D\u0169ng Hotel, m\u1ed7i chi ti\u1ebft nh\u1ecf \u0111\u1ec1u \u0111\u01b0\u1ee3c ch\u0103m ch\u00fat \u0111\u1ec3 Qu\u00fd kh\u00e1ch c\u1ea3m nh\u1eadn s\u1ef1 tho\u1ea3i m\u00e1i nh\u01b0 \u1edf ch\u00ednh ng\u00f4i nh\u00e0 c\u1ee7a m\u00ecnh. T\u1eeb ph\u00f2ng ngh\u1ec9 \u1ea5m c\u00fang, \u1ea9m th\u1ef1c \u0111a d\u1ea1ng \u0111\u1ebfn \u0111\u1ed9i ng\u0169 nh\u00e2n vi\u00ean th\u00e2n thi\u1ec7n, t\u1ea5t c\u1ea3 \u0111\u1ec1u nh\u1eb1m mang \u0111\u1ebfn tr\u1ea3i nghi\u1ec7m tr\u1ecdn v\u1eb9n v\u00e0 \u0111\u00e1ng nh\u1edb.","og_url":"https:\/\/trungdunghotel.com\/en\/khach-san\/trung-dung-hotel\/","og_site_name":"Trung D\u0169ng Hotel","article_modified_time":"2025-09-19T03:14:45+00:00","og_image":[{"width":768,"height":512,"url":"https:\/\/trungdunghotel.com\/wp-content\/uploads\/2025\/09\/trung-dung-hotel.png","type":"image\/png"}],"twitter_card":"summary_large_image","twitter_misc":{"Est. reading time":"1 minute"},"schema":{"@context":"https:\/\/schema.org","@graph":[{"@type":"WebPage","@id":"https:\/\/trungdunghotel.com\/khach-san\/trung-dung-hotel\/","url":"https:\/\/trungdunghotel.com\/khach-san\/trung-dung-hotel\/","name":"Trung D\u0169ng Hotel - Trung D\u0169ng Hotel","isPartOf":{"@id":"https:\/\/trungdunghotel.com\/#website"},"primaryImageOfPage":{"@id":"https:\/\/trungdunghotel.com\/khach-san\/trung-dung-hotel\/#primaryimage"},"image":{"@id":"https:\/\/trungdunghotel.com\/khach-san\/trung-dung-hotel\/#primaryimage"},"thumbnailUrl":"https:\/\/trungdunghotel.com\/wp-content\/uploads\/2025\/09\/trung-dung-hotel.png","datePublished":"2025-09-19T01:05:22+00:00","dateModified":"2025-09-19T03:14:45+00:00","breadcrumb":{"@id":"https:\/\/trungdunghotel.com\/khach-san\/trung-dung-hotel\/#breadcrumb"},"inLanguage":"en-US","potentialAction":[{"@type":"ReadAction","target":["https:\/\/trungdunghotel.com\/khach-san\/trung-dung-hotel\/"]}]},{"@type":"ImageObject","inLanguage":"en-US","@id":"https:\/\/trungdunghotel.com\/khach-san\/trung-dung-hotel\/#primaryimage","url":"https:\/\/trungdunghotel.com\/wp-content\/uploads\/2025\/09\/trung-dung-hotel.png","contentUrl":"https:\/\/trungdunghotel.com\/wp-content\/uploads\/2025\/09\/trung-dung-hotel.png","width":768,"height":512,"caption":"Trung Dung Hotel"},{"@type":"BreadcrumbList","@id":"https:\/\/trungdunghotel.com\/khach-san\/trung-dung-hotel\/#breadcrumb","itemListElement":[{"@type":"ListItem","position":1,"name":"Trang ch\u1ee7","item":"https:\/\/trungdunghotel.com\/"},{"@type":"ListItem","position":2,"name":"Lo\u1ea1i h\u00ecnh l\u01b0u tr\u00fa","item":"https:\/\/trungdunghotel.com\/loai-hinh-luu-tru\/"},{"@type":"ListItem","position":3,"name":"Trung D\u0169ng Hotel"}]},{"@type":"WebSite","@id":"https:\/\/trungdunghotel.com\/#website","url":"https:\/\/trungdunghotel.com\/","name":"Trung Dung Hotel","description":"","publisher":{"@id":"https:\/\/trungdunghotel.com\/#organization"},"potentialAction":[{"@type":"SearchAction","target":{"@type":"EntryPoint","urlTemplate":"https:\/\/trungdunghotel.com\/?s={search_term_string}"},"query-input":{"@type":"PropertyValueSpecification","valueRequired":true,"valueName":"search_term_string"}}],"inLanguage":"en-US"},{"@type":"Organization","@id":"https:\/\/trungdunghotel.com\/#organization","name":"Trung Dung Hotel","url":"https:\/\/trungdunghotel.com\/","logo":{"@type":"ImageObject","inLanguage":"en-US","@id":"https:\/\/trungdunghotel.com\/#\/schema\/logo\/image\/","url":"https:\/\/trungdunghotel.com\/wp-content\/uploads\/2025\/08\/trung-dung-hotel-dark.png","contentUrl":"https:\/\/trungdunghotel.com\/wp-content\/uploads\/2025\/08\/trung-dung-hotel-dark.png","width":342,"height":65,"caption":"Trung D\u0169ng Hotel"},"image":{"@id":"https:\/\/trungdunghotel.com\/#\/schema\/logo\/image\/"}}]}},"_links":{"self":[{"href":"https:\/\/trungdunghotel.com\/en\/wp-json\/wp\/v2\/product\/2274","targetHints":{"allow":["GET"]}}],"collection":[{"href":"https:\/\/trungdunghotel.com\/en\/wp-json\/wp\/v2\/product"}],"about":[{"href":"https:\/\/trungdunghotel.com\/en\/wp-json\/wp\/v2\/types\/product"}],"replies":[{"embeddable":true,"href":"https:\/\/trungdunghotel.com\/en\/wp-json\/wp\/v2\/comments?post=2274"}],"wp:featuredmedia":[{"embeddable":true,"href":"https:\/\/trungdunghotel.com\/en\/wp-json\/wp\/v2\/media\/2279"}],"wp:attachment":[{"href":"https:\/\/trungdunghotel.com\/en\/wp-json\/wp\/v2\/media?parent=2274"}],"wp:term":[{"taxonomy":"product_brand","embeddable":true,"href":"https:\/\/trungdunghotel.com\/en\/wp-json\/wp\/v2\/product_brand?post=2274"},{"taxonomy":"product_cat","embeddable":true,"href":"https:\/\/trungdunghotel.com\/en\/wp-json\/wp\/v2\/product_cat?post=2274"},{"taxonomy":"product_tag","embeddable":true,"href":"https:\/\/trungdunghotel.com\/en\/wp-json\/wp\/v2\/product_tag?post=2274"}],"curies":[{"name":"wp","href":"https:\/\/api.w.org\/{rel}","templated":true}]}}