{"id":255,"date":"2025-08-22T15:50:37","date_gmt":"2025-08-22T08:50:37","guid":{"rendered":"https:\/\/trungdunghotel.com\/?post_type=product&#038;p=255"},"modified":"2025-08-24T02:13:49","modified_gmt":"2025-08-23T19:13:49","slug":"flc-ha-long","status":"publish","type":"product","link":"https:\/\/trungdunghotel.com\/en\/khach-san\/flc-ha-long\/","title":{"rendered":"FLC Ha Long"},"content":{"rendered":"","protected":false},"excerpt":{"rendered":"<p>Parking and Wi-Fi are always complimentary, allowing you to stay connected and come and go as you please. Located in the heart of Hon Gai Harbor in Ha Long, this property places you close to popular attractions and exciting dining options. Don\u2019t leave without visiting the famous Sung Sot Cave. Rated 5 stars, this high-quality property offers guests access to an indoor pool, outdoor pool, and sauna right on site.<\/p>","protected":false},"featured_media":258,"comment_status":"open","ping_status":"closed","template":"","meta":[],"product_brand":[22],"product_cat":[15,17],"product_tag":[],"class_list":{"0":"post-255","1":"product","2":"type-product","3":"status-publish","4":"has-post-thumbnail","6":"product_brand-ha-long","7":"product_cat-roh","8":"product_cat-can-ho","10":"first","11":"instock","12":"sale","13":"shipping-taxable","14":"purchasable","15":"product-type-variable"},"yoast_head":"<!-- This site is optimized with the Yoast SEO plugin v25.8 - https:\/\/yoast.com\/wordpress\/plugins\/seo\/ -->\n<title>FLC H\u1ea1 Long - Trung D\u0169ng Hotel<\/title>\n<meta name=\"robots\" content=\"index, follow, max-snippet:-1, max-image-preview:large, max-video-preview:-1\" \/>\n<link rel=\"canonical\" href=\"https:\/\/trungdunghotel.com\/en\/khach-san\/flc-ha-long\/\" \/>\n<meta property=\"og:locale\" content=\"en_US\" \/>\n<meta property=\"og:type\" content=\"article\" \/>\n<meta property=\"og:title\" content=\"FLC H\u1ea1 Long - Trung D\u0169ng Hotel\" \/>\n<meta property=\"og:description\" content=\"\u0110\u1ed7 xe v\u00e0 Wi-Fi lu\u00f4n mi\u1ec5n ph\u00ed, v\u00ec v\u1eady qu\u00fd kh\u00e1ch c\u00f3 th\u1ec3 gi\u1eef li\u00ean l\u1ea1c, \u0111\u1ebfn v\u00e0 \u0111i t\u00f9y \u00fd. N\u1eb1m \u1edf v\u1ecb tr\u00ed trung t\u00e2m t\u1ea1i C\u1ea3ng H\u00f2n Gai c\u1ee7a H\u1ea1 Long, ch\u1ed7 ngh\u1ec9 n\u00e0y \u0111\u1eb7t qu\u00fd kh\u00e1ch \u1edf g\u1ea7n c\u00e1c \u0111i\u1ec3m thu h\u00fat v\u00e0 t\u00f9y ch\u1ecdn \u0103n u\u1ed1ng th\u00fa v\u1ecb. \u0110\u1eebng r\u1eddi \u0111i tr\u01b0\u1edbc khi gh\u00e9 th\u0103m Hang S\u1eedng S\u1ed1t n\u1ed5i ti\u1ebfng. \u0110\u01b0\u1ee3c x\u1ebfp h\u1ea1ng 5 sao, ch\u1ed7 ngh\u1ec9 ch\u1ea5t l\u01b0\u1ee3ng cao n\u00e0y cho ph\u00e9p kh\u00e1ch ngh\u1ec9 s\u1eed d\u1ee5ng b\u1ec3 b\u01a1i trong nh\u00e0, b\u1ec3 b\u01a1i ngo\u00e0i tr\u1eddi v\u00e0 x\u00f4ng kh\u00f4 ngay trong khu\u00f4n vi\u00ean.\" \/>\n<meta property=\"og:url\" content=\"https:\/\/trungdunghotel.com\/en\/khach-san\/flc-ha-long\/\" \/>\n<meta property=\"og:site_name\" content=\"Trung D\u0169ng Hotel\" \/>\n<meta property=\"article:modified_time\" content=\"2025-08-23T19:13:49+00:00\" \/>\n<meta property=\"og:image\" content=\"https:\/\/trungdunghotel.com\/wp-content\/uploads\/2025\/08\/flc-ha-long.webp\" \/>\n\t<meta property=\"og:image:width\" content=\"1024\" \/>\n\t<meta property=\"og:image:height\" content=\"683\" \/>\n\t<meta property=\"og:image:type\" content=\"image\/webp\" \/>\n<meta name=\"twitter:card\" content=\"summary_large_image\" \/>\n<meta name=\"twitter:label1\" content=\"Est. reading time\" \/>\n\t<meta name=\"twitter:data1\" content=\"1 minute\" \/>\n<script type=\"application\/ld+json\" class=\"yoast-schema-graph\">{\"@context\":\"https:\/\/schema.org\",\"@graph\":[{\"@type\":\"WebPage\",\"@id\":\"https:\/\/trungdunghotel.com\/khach-san\/flc-ha-long\/\",\"url\":\"https:\/\/trungdunghotel.com\/khach-san\/flc-ha-long\/\",\"name\":\"FLC H\u1ea1 Long - Trung D\u0169ng Hotel\",\"isPartOf\":{\"@id\":\"https:\/\/trungdunghotel.com\/#website\"},\"primaryImageOfPage\":{\"@id\":\"https:\/\/trungdunghotel.com\/khach-san\/flc-ha-long\/#primaryimage\"},\"image\":{\"@id\":\"https:\/\/trungdunghotel.com\/khach-san\/flc-ha-long\/#primaryimage\"},\"thumbnailUrl\":\"https:\/\/trungdunghotel.com\/wp-content\/uploads\/2025\/08\/flc-ha-long.webp\",\"datePublished\":\"2025-08-22T08:50:37+00:00\",\"dateModified\":\"2025-08-23T19:13:49+00:00\",\"breadcrumb\":{\"@id\":\"https:\/\/trungdunghotel.com\/khach-san\/flc-ha-long\/#breadcrumb\"},\"inLanguage\":\"en-US\",\"potentialAction\":[{\"@type\":\"ReadAction\",\"target\":[\"https:\/\/trungdunghotel.com\/khach-san\/flc-ha-long\/\"]}]},{\"@type\":\"ImageObject\",\"inLanguage\":\"en-US\",\"@id\":\"https:\/\/trungdunghotel.com\/khach-san\/flc-ha-long\/#primaryimage\",\"url\":\"https:\/\/trungdunghotel.com\/wp-content\/uploads\/2025\/08\/flc-ha-long.webp\",\"contentUrl\":\"https:\/\/trungdunghotel.com\/wp-content\/uploads\/2025\/08\/flc-ha-long.webp\",\"width\":1024,\"height\":683,\"caption\":\"FLC H\u1ea1 Long\"},{\"@type\":\"BreadcrumbList\",\"@id\":\"https:\/\/trungdunghotel.com\/khach-san\/flc-ha-long\/#breadcrumb\",\"itemListElement\":[{\"@type\":\"ListItem\",\"position\":1,\"name\":\"Trang ch\u1ee7\",\"item\":\"https:\/\/trungdunghotel.com\/\"},{\"@type\":\"ListItem\",\"position\":2,\"name\":\"Lo\u1ea1i h\u00ecnh l\u01b0u tr\u00fa\",\"item\":\"https:\/\/trungdunghotel.com\/loai-hinh-luu-tru\/\"},{\"@type\":\"ListItem\",\"position\":3,\"name\":\"FLC H\u1ea1 Long\"}]},{\"@type\":\"WebSite\",\"@id\":\"https:\/\/trungdunghotel.com\/#website\",\"url\":\"https:\/\/trungdunghotel.com\/\",\"name\":\"Trung D\u0169ng Hotel\",\"description\":\"\",\"publisher\":{\"@id\":\"https:\/\/trungdunghotel.com\/#organization\"},\"potentialAction\":[{\"@type\":\"SearchAction\",\"target\":{\"@type\":\"EntryPoint\",\"urlTemplate\":\"https:\/\/trungdunghotel.com\/?s={search_term_string}\"},\"query-input\":{\"@type\":\"PropertyValueSpecification\",\"valueRequired\":true,\"valueName\":\"search_term_string\"}}],\"inLanguage\":\"en-US\"},{\"@type\":\"Organization\",\"@id\":\"https:\/\/trungdunghotel.com\/#organization\",\"name\":\"Trung D\u0169ng Hotel\",\"url\":\"https:\/\/trungdunghotel.com\/\",\"logo\":{\"@type\":\"ImageObject\",\"inLanguage\":\"en-US\",\"@id\":\"https:\/\/trungdunghotel.com\/#\/schema\/logo\/image\/\",\"url\":\"https:\/\/trungdunghotel.com\/wp-content\/uploads\/2025\/08\/trung-dung-hotel-dark.png\",\"contentUrl\":\"https:\/\/trungdunghotel.com\/wp-content\/uploads\/2025\/08\/trung-dung-hotel-dark.png\",\"width\":342,\"height\":65,\"caption\":\"Trung D\u0169ng Hotel\"},\"image\":{\"@id\":\"https:\/\/trungdunghotel.com\/#\/schema\/logo\/image\/\"}}]}<\/script>\n<!-- \/ Yoast SEO plugin. -->","yoast_head_json":{"title":"FLC H\u1ea1 Long - Trung D\u0169ng Hotel","robots":{"index":"index","follow":"follow","max-snippet":"max-snippet:-1","max-image-preview":"max-image-preview:large","max-video-preview":"max-video-preview:-1"},"canonical":"https:\/\/trungdunghotel.com\/en\/khach-san\/flc-ha-long\/","og_locale":"en_US","og_type":"article","og_title":"FLC H\u1ea1 Long - Trung D\u0169ng Hotel","og_description":"\u0110\u1ed7 xe v\u00e0 Wi-Fi lu\u00f4n mi\u1ec5n ph\u00ed, v\u00ec v\u1eady qu\u00fd kh\u00e1ch c\u00f3 th\u1ec3 gi\u1eef li\u00ean l\u1ea1c, \u0111\u1ebfn v\u00e0 \u0111i t\u00f9y \u00fd. N\u1eb1m \u1edf v\u1ecb tr\u00ed trung t\u00e2m t\u1ea1i C\u1ea3ng H\u00f2n Gai c\u1ee7a H\u1ea1 Long, ch\u1ed7 ngh\u1ec9 n\u00e0y \u0111\u1eb7t qu\u00fd kh\u00e1ch \u1edf g\u1ea7n c\u00e1c \u0111i\u1ec3m thu h\u00fat v\u00e0 t\u00f9y ch\u1ecdn \u0103n u\u1ed1ng th\u00fa v\u1ecb. \u0110\u1eebng r\u1eddi \u0111i tr\u01b0\u1edbc khi gh\u00e9 th\u0103m Hang S\u1eedng S\u1ed1t n\u1ed5i ti\u1ebfng. \u0110\u01b0\u1ee3c x\u1ebfp h\u1ea1ng 5 sao, ch\u1ed7 ngh\u1ec9 ch\u1ea5t l\u01b0\u1ee3ng cao n\u00e0y cho ph\u00e9p kh\u00e1ch ngh\u1ec9 s\u1eed d\u1ee5ng b\u1ec3 b\u01a1i trong nh\u00e0, b\u1ec3 b\u01a1i ngo\u00e0i tr\u1eddi v\u00e0 x\u00f4ng kh\u00f4 ngay trong khu\u00f4n vi\u00ean.","og_url":"https:\/\/trungdunghotel.com\/en\/khach-san\/flc-ha-long\/","og_site_name":"Trung D\u0169ng Hotel","article_modified_time":"2025-08-23T19:13:49+00:00","og_image":[{"width":1024,"height":683,"url":"https:\/\/trungdunghotel.com\/wp-content\/uploads\/2025\/08\/flc-ha-long.webp","type":"image\/webp"}],"twitter_card":"summary_large_image","twitter_misc":{"Est. reading time":"1 minute"},"schema":{"@context":"https:\/\/schema.org","@graph":[{"@type":"WebPage","@id":"https:\/\/trungdunghotel.com\/khach-san\/flc-ha-long\/","url":"https:\/\/trungdunghotel.com\/khach-san\/flc-ha-long\/","name":"FLC H\u1ea1 Long - Trung D\u0169ng Hotel","isPartOf":{"@id":"https:\/\/trungdunghotel.com\/#website"},"primaryImageOfPage":{"@id":"https:\/\/trungdunghotel.com\/khach-san\/flc-ha-long\/#primaryimage"},"image":{"@id":"https:\/\/trungdunghotel.com\/khach-san\/flc-ha-long\/#primaryimage"},"thumbnailUrl":"https:\/\/trungdunghotel.com\/wp-content\/uploads\/2025\/08\/flc-ha-long.webp","datePublished":"2025-08-22T08:50:37+00:00","dateModified":"2025-08-23T19:13:49+00:00","breadcrumb":{"@id":"https:\/\/trungdunghotel.com\/khach-san\/flc-ha-long\/#breadcrumb"},"inLanguage":"en-US","potentialAction":[{"@type":"ReadAction","target":["https:\/\/trungdunghotel.com\/khach-san\/flc-ha-long\/"]}]},{"@type":"ImageObject","inLanguage":"en-US","@id":"https:\/\/trungdunghotel.com\/khach-san\/flc-ha-long\/#primaryimage","url":"https:\/\/trungdunghotel.com\/wp-content\/uploads\/2025\/08\/flc-ha-long.webp","contentUrl":"https:\/\/trungdunghotel.com\/wp-content\/uploads\/2025\/08\/flc-ha-long.webp","width":1024,"height":683,"caption":"FLC H\u1ea1 Long"},{"@type":"BreadcrumbList","@id":"https:\/\/trungdunghotel.com\/khach-san\/flc-ha-long\/#breadcrumb","itemListElement":[{"@type":"ListItem","position":1,"name":"Trang ch\u1ee7","item":"https:\/\/trungdunghotel.com\/"},{"@type":"ListItem","position":2,"name":"Lo\u1ea1i h\u00ecnh l\u01b0u tr\u00fa","item":"https:\/\/trungdunghotel.com\/loai-hinh-luu-tru\/"},{"@type":"ListItem","position":3,"name":"FLC H\u1ea1 Long"}]},{"@type":"WebSite","@id":"https:\/\/trungdunghotel.com\/#website","url":"https:\/\/trungdunghotel.com\/","name":"Trung Dung Hotel","description":"","publisher":{"@id":"https:\/\/trungdunghotel.com\/#organization"},"potentialAction":[{"@type":"SearchAction","target":{"@type":"EntryPoint","urlTemplate":"https:\/\/trungdunghotel.com\/?s={search_term_string}"},"query-input":{"@type":"PropertyValueSpecification","valueRequired":true,"valueName":"search_term_string"}}],"inLanguage":"en-US"},{"@type":"Organization","@id":"https:\/\/trungdunghotel.com\/#organization","name":"Trung Dung Hotel","url":"https:\/\/trungdunghotel.com\/","logo":{"@type":"ImageObject","inLanguage":"en-US","@id":"https:\/\/trungdunghotel.com\/#\/schema\/logo\/image\/","url":"https:\/\/trungdunghotel.com\/wp-content\/uploads\/2025\/08\/trung-dung-hotel-dark.png","contentUrl":"https:\/\/trungdunghotel.com\/wp-content\/uploads\/2025\/08\/trung-dung-hotel-dark.png","width":342,"height":65,"caption":"Trung D\u0169ng Hotel"},"image":{"@id":"https:\/\/trungdunghotel.com\/#\/schema\/logo\/image\/"}}]}},"_links":{"self":[{"href":"https:\/\/trungdunghotel.com\/en\/wp-json\/wp\/v2\/product\/255","targetHints":{"allow":["GET"]}}],"collection":[{"href":"https:\/\/trungdunghotel.com\/en\/wp-json\/wp\/v2\/product"}],"about":[{"href":"https:\/\/trungdunghotel.com\/en\/wp-json\/wp\/v2\/types\/product"}],"replies":[{"embeddable":true,"href":"https:\/\/trungdunghotel.com\/en\/wp-json\/wp\/v2\/comments?post=255"}],"wp:featuredmedia":[{"embeddable":true,"href":"https:\/\/trungdunghotel.com\/en\/wp-json\/wp\/v2\/media\/258"}],"wp:attachment":[{"href":"https:\/\/trungdunghotel.com\/en\/wp-json\/wp\/v2\/media?parent=255"}],"wp:term":[{"taxonomy":"product_brand","embeddable":true,"href":"https:\/\/trungdunghotel.com\/en\/wp-json\/wp\/v2\/product_brand?post=255"},{"taxonomy":"product_cat","embeddable":true,"href":"https:\/\/trungdunghotel.com\/en\/wp-json\/wp\/v2\/product_cat?post=255"},{"taxonomy":"product_tag","embeddable":true,"href":"https:\/\/trungdunghotel.com\/en\/wp-json\/wp\/v2\/product_tag?post=255"}],"curies":[{"name":"wp","href":"https:\/\/api.w.org\/{rel}","templated":true}]}}